{"id":450,"date":"2021-02-09T16:31:58","date_gmt":"2021-02-09T16:31:58","guid":{"rendered":"http:\/\/scinstalacoeseletricas.com.br\/site\/?page_id=450"},"modified":"2024-11-05T20:03:52","modified_gmt":"2024-11-05T20:03:52","slug":"a-empresa","status":"publish","type":"page","link":"https:\/\/noronhamontagenseletricas.com.br\/index.php\/a-empresa\/","title":{"rendered":"A Empresa"},"content":{"rendered":"\t\t<div data-elementor-type=\"wp-page\" data-elementor-id=\"450\" class=\"elementor elementor-450\" data-elementor-post-type=\"page\">\n\t\t\t\t\t\t<section class=\"elementor-section elementor-top-section elementor-element elementor-element-6935425 elementor-section-boxed elementor-section-height-default elementor-section-height-default\" data-id=\"6935425\" data-element_type=\"section\" data-settings=\"{&quot;background_background&quot;:&quot;slideshow&quot;,&quot;background_slideshow_gallery&quot;:[{&quot;id&quot;:206,&quot;url&quot;:&quot;https:\\\/\\\/noronhamontagenseletricas.com.br\\\/wp-content\\\/uploads\\\/2021\\\/02\\\/sc-instalacoes-engenheiros-banner-home-AdobeStock_140655850.jpg&quot;}],&quot;background_slideshow_loop&quot;:&quot;yes&quot;,&quot;background_slideshow_slide_duration&quot;:5000,&quot;background_slideshow_slide_transition&quot;:&quot;fade&quot;,&quot;background_slideshow_transition_duration&quot;:500}\">\n\t\t\t\t\t\t\t<div class=\"elementor-background-overlay\"><\/div>\n\t\t\t\t\t\t\t<div class=\"elementor-container elementor-column-gap-default\">\n\t\t\t\t\t<div class=\"elementor-column elementor-col-100 elementor-top-column elementor-element elementor-element-b861c1f\" data-id=\"b861c1f\" data-element_type=\"column\">\n\t\t\t<div class=\"elementor-widget-wrap elementor-element-populated\">\n\t\t\t\t\t\t<div class=\"elementor-element elementor-element-44d9532 elementor-widget elementor-widget-heading\" data-id=\"44d9532\" data-element_type=\"widget\" data-widget_type=\"heading.default\">\n\t\t\t\t<div class=\"elementor-widget-container\">\n\t\t\t\t\t<h2 class=\"elementor-heading-title elementor-size-default\">A EMPRESA<\/h2>\t\t\t\t<\/div>\n\t\t\t\t<\/div>\n\t\t\t\t\t<\/div>\n\t\t<\/div>\n\t\t\t\t\t<\/div>\n\t\t<\/section>\n\t\t\t\t<section class=\"elementor-section elementor-top-section elementor-element elementor-element-664b406 elementor-section-stretched elementor-section-boxed elementor-section-height-default elementor-section-height-default\" data-id=\"664b406\" data-element_type=\"section\" data-settings=\"{&quot;stretch_section&quot;:&quot;section-stretched&quot;,&quot;background_background&quot;:&quot;classic&quot;}\">\n\t\t\t\t\t\t<div class=\"elementor-container elementor-column-gap-default\">\n\t\t\t\t\t<div class=\"elementor-column elementor-col-50 elementor-top-column elementor-element elementor-element-5688575\" data-id=\"5688575\" data-element_type=\"column\">\n\t\t\t<div class=\"elementor-widget-wrap elementor-element-populated\">\n\t\t\t\t\t\t<div class=\"elementor-element elementor-element-b644497 elementor-widget elementor-widget-heading\" data-id=\"b644497\" data-element_type=\"widget\" data-widget_type=\"heading.default\">\n\t\t\t\t<div class=\"elementor-widget-container\">\n\t\t\t\t\t<h2 class=\"elementor-heading-title elementor-size-default\">A Noronha Montagens El\u00e9tricas<\/h2>\t\t\t\t<\/div>\n\t\t\t\t<\/div>\n\t\t\t\t<div class=\"elementor-element elementor-element-e729ef7 elementor-widget elementor-widget-heading\" data-id=\"e729ef7\" data-element_type=\"widget\" data-widget_type=\"heading.default\">\n\t\t\t\t<div class=\"elementor-widget-container\">\n\t\t\t\t\t<h2 class=\"elementor-heading-title elementor-size-default\">Somos uma empresa fundada desde 2002, trabalhamos para suprir suas Necessidades do setor el\u00e9trico, com qualidade de energia, gerando economia no consumo e efici\u00eancia nas instala\u00e7\u00f5es, el\u00e9tricas.\n<\/h2>\t\t\t\t<\/div>\n\t\t\t\t<\/div>\n\t\t\t\t<div class=\"elementor-element elementor-element-0cd10ad elementor-widget elementor-widget-heading\" data-id=\"0cd10ad\" data-element_type=\"widget\" data-widget_type=\"heading.default\">\n\t\t\t\t<div class=\"elementor-widget-container\">\n\t\t\t\t\t<h2 class=\"elementor-heading-title elementor-size-default\">Trabalhamos com qualidade e honestidade, equipes altamente t\u00e9cnicas e totalmente qualificada para qualquer tipo de obra do setor el\u00e9trico.<\/h2>\t\t\t\t<\/div>\n\t\t\t\t<\/div>\n\t\t\t\t\t<\/div>\n\t\t<\/div>\n\t\t\t\t<div class=\"elementor-column elementor-col-50 elementor-top-column elementor-element elementor-element-d55abe1\" data-id=\"d55abe1\" data-element_type=\"column\">\n\t\t\t<div class=\"elementor-widget-wrap elementor-element-populated\">\n\t\t\t\t\t\t<div class=\"elementor-element elementor-element-57204a8 elementor-widget elementor-widget-image\" data-id=\"57204a8\" data-element_type=\"widget\" data-widget_type=\"image.default\">\n\t\t\t\t<div class=\"elementor-widget-container\">\n\t\t\t\t\t\t\t\t\t\t\t\t\t\t\t<img fetchpriority=\"high\" decoding=\"async\" width=\"800\" height=\"598\" src=\"https:\/\/noronhamontagenseletricas.com.br\/wp-content\/uploads\/2021\/02\/sc-instalacoes-empresa-AdobeStock_341595698-1024x766.png\" class=\"attachment-large size-large wp-image-481\" alt=\"\" srcset=\"https:\/\/noronhamontagenseletricas.com.br\/wp-content\/uploads\/2021\/02\/sc-instalacoes-empresa-AdobeStock_341595698-1024x766.png 1024w, https:\/\/noronhamontagenseletricas.com.br\/wp-content\/uploads\/2021\/02\/sc-instalacoes-empresa-AdobeStock_341595698-300x224.png 300w, https:\/\/noronhamontagenseletricas.com.br\/wp-content\/uploads\/2021\/02\/sc-instalacoes-empresa-AdobeStock_341595698-768x574.png 768w, https:\/\/noronhamontagenseletricas.com.br\/wp-content\/uploads\/2021\/02\/sc-instalacoes-empresa-AdobeStock_341595698-1536x1148.png 1536w, https:\/\/noronhamontagenseletricas.com.br\/wp-content\/uploads\/2021\/02\/sc-instalacoes-empresa-AdobeStock_341595698.png 1728w\" sizes=\"(max-width: 800px) 100vw, 800px\" \/>\t\t\t\t\t\t\t\t\t\t\t\t\t\t\t<\/div>\n\t\t\t\t<\/div>\n\t\t\t\t\t<\/div>\n\t\t<\/div>\n\t\t\t\t\t<\/div>\n\t\t<\/section>\n\t\t\t\t<section class=\"elementor-section elementor-top-section elementor-element elementor-element-e03f215 elementor-section-boxed elementor-section-height-default elementor-section-height-default\" data-id=\"e03f215\" data-element_type=\"section\">\n\t\t\t\t\t\t<div class=\"elementor-container elementor-column-gap-default\">\n\t\t\t\t\t<div class=\"elementor-column elementor-col-100 elementor-top-column elementor-element elementor-element-25ceb14\" data-id=\"25ceb14\" data-element_type=\"column\">\n\t\t\t<div class=\"elementor-widget-wrap elementor-element-populated\">\n\t\t\t\t\t\t<div class=\"elementor-element elementor-element-c0ee1e0 elementor-widget elementor-widget-heading\" data-id=\"c0ee1e0\" data-element_type=\"widget\" data-widget_type=\"heading.default\">\n\t\t\t\t<div class=\"elementor-widget-container\">\n\t\t\t\t\t<h5 class=\"elementor-heading-title elementor-size-default\">MISS\u00c3O<\/h5>\t\t\t\t<\/div>\n\t\t\t\t<\/div>\n\t\t\t\t<div class=\"elementor-element elementor-element-a755f28 elementor-widget elementor-widget-text-editor\" data-id=\"a755f28\" data-element_type=\"widget\" data-widget_type=\"text-editor.default\">\n\t\t\t\t<div class=\"elementor-widget-container\">\n\t\t\t\t\t\t\t\t\tSatisfazer as necessidades dos clientes e exceder suas expectativas, oferecendo servi\u00e7os de engenharia el\u00e9trica, desenvolvidos com qualidade, pontualidade, inova\u00e7\u00e3o, transpar\u00eancia, \u00e9tica, responsabilidade social e respeito ao meio ambiente.\t\t\t\t\t\t\t\t<\/div>\n\t\t\t\t<\/div>\n\t\t\t\t\t<\/div>\n\t\t<\/div>\n\t\t\t\t\t<\/div>\n\t\t<\/section>\n\t\t\t\t<section class=\"elementor-section elementor-top-section elementor-element elementor-element-ed8b8fe elementor-section-boxed elementor-section-height-default elementor-section-height-default\" data-id=\"ed8b8fe\" data-element_type=\"section\">\n\t\t\t\t\t\t<div class=\"elementor-container elementor-column-gap-default\">\n\t\t\t\t\t<div class=\"elementor-column elementor-col-100 elementor-top-column elementor-element elementor-element-d4bbb05\" data-id=\"d4bbb05\" data-element_type=\"column\">\n\t\t\t<div class=\"elementor-widget-wrap elementor-element-populated\">\n\t\t\t\t\t\t<div class=\"elementor-element elementor-element-7fc23c8 elementor-widget elementor-widget-heading\" data-id=\"7fc23c8\" data-element_type=\"widget\" data-widget_type=\"heading.default\">\n\t\t\t\t<div class=\"elementor-widget-container\">\n\t\t\t\t\t<h5 class=\"elementor-heading-title elementor-size-default\">VIS\u00c3O<\/h5>\t\t\t\t<\/div>\n\t\t\t\t<\/div>\n\t\t\t\t<div class=\"elementor-element elementor-element-3eb92b2 elementor-widget elementor-widget-text-editor\" data-id=\"3eb92b2\" data-element_type=\"widget\" data-widget_type=\"text-editor.default\">\n\t\t\t\t<div class=\"elementor-widget-container\">\n\t\t\t\t\t\t\t\t\tSermos reconhecidos por nossos clientes e pelo mercado como uma empresa refer\u00eancia em excel\u00eancia dos servi\u00e7os prestados, pelo cumprimento de seus compromissos.\t\t\t\t\t\t\t\t<\/div>\n\t\t\t\t<\/div>\n\t\t\t\t\t<\/div>\n\t\t<\/div>\n\t\t\t\t\t<\/div>\n\t\t<\/section>\n\t\t\t\t<\/div>\n\t\t","protected":false},"excerpt":{"rendered":"<p>A EMPRESA A Noronha Montagens El\u00e9tricas Somos uma empresa fundada desde 2002, trabalhamos para suprir suas Necessidades do setor el\u00e9trico, com qualidade de energia, gerando economia no consumo e efici\u00eancia nas instala\u00e7\u00f5es, el\u00e9tricas. Trabalhamos com qualidade e honestidade, equipes altamente t\u00e9cnicas e totalmente qualificada para qualquer tipo de obra do setor el\u00e9trico. MISS\u00c3O Satisfazer as [&hellip;]<\/p>\n","protected":false},"author":1,"featured_media":0,"parent":0,"menu_order":0,"comment_status":"closed","ping_status":"closed","template":"elementor_header_footer","meta":{"_joinchat":[],"footnotes":""},"class_list":["post-450","page","type-page","status-publish","hentry"],"_links":{"self":[{"href":"https:\/\/noronhamontagenseletricas.com.br\/index.php\/wp-json\/wp\/v2\/pages\/450","targetHints":{"allow":["GET"]}}],"collection":[{"href":"https:\/\/noronhamontagenseletricas.com.br\/index.php\/wp-json\/wp\/v2\/pages"}],"about":[{"href":"https:\/\/noronhamontagenseletricas.com.br\/index.php\/wp-json\/wp\/v2\/types\/page"}],"author":[{"embeddable":true,"href":"https:\/\/noronhamontagenseletricas.com.br\/index.php\/wp-json\/wp\/v2\/users\/1"}],"replies":[{"embeddable":true,"href":"https:\/\/noronhamontagenseletricas.com.br\/index.php\/wp-json\/wp\/v2\/comments?post=450"}],"version-history":[{"count":37,"href":"https:\/\/noronhamontagenseletricas.com.br\/index.php\/wp-json\/wp\/v2\/pages\/450\/revisions"}],"predecessor-version":[{"id":1347,"href":"https:\/\/noronhamontagenseletricas.com.br\/index.php\/wp-json\/wp\/v2\/pages\/450\/revisions\/1347"}],"wp:attachment":[{"href":"https:\/\/noronhamontagenseletricas.com.br\/index.php\/wp-json\/wp\/v2\/media?parent=450"}],"curies":[{"name":"wp","href":"https:\/\/api.w.org\/{rel}","templated":true}]}}